{"id":2243,"date":"2022-11-30T14:51:49","date_gmt":"2022-11-30T13:51:49","guid":{"rendered":"https:\/\/ict.dabatech.it\/privacy-cookie-policy\/"},"modified":"2022-11-30T15:53:53","modified_gmt":"2022-11-30T14:53:53","slug":"privacy-cookie-policy","status":"publish","type":"page","link":"https:\/\/ict.dabatech.it\/en\/privacy-cookie-policy\/","title":{"rendered":"Privacy &#038; Cookie Policy"},"content":{"rendered":"<div class=\"privacy\">\n<h3>Riferimenti normativi<\/h3>\n<ul>\n<li>Direttiva 2002\/58\/CE &#8211; relativa al &#8220;trattamento dei dati personali e alla tutela della vita privata nel settore delle comunicazioni elettroniche&#8221;<\/li>\n<li>Regolamento (UE) 2016\/679 del parlamento europeo e del consiglio del 27 aprile 2016 relativo alla protezione delle persone fisiche con riguardo al trattamento dei dati personali, nonch\u00e9 alla libera circolazione di tali dati e che abroga la direttiva 95\/46\/ce (Regolamento Generale sulla Protezione dei Dati)<\/li>\n<\/ul>\n<p>&nbsp;<\/p>\n<h3>Il Titolare del Trattamento<\/h3>\n<p>Consultando questo sito possono essere trattati dati relativi a persone identificate o identificabili. Il \u201cTitolare\u201d del loro trattamento DABATECH con sede in via VIA SIMONE MAYER, 6 \u2013 cap 24034 CITT\u00e0 BERGAMO, ITALIA CF e P. IVA 02854080161<\/p>\n<p>&nbsp;<\/p>\n<h3>Luogo di trattamento dei dati e tempi di conservazione<\/h3>\n<p>I trattamenti connessi ai servizi web di questo sito hanno luogo presso la predetta sede del Titolare e sono curati solo da personale da questo espressamente autorizzato ai sensi dell\u2019articolo 28 del RGPD. I dati raccolti saranno conservati \u2013 per ciascuna tipologia di dati trattati \u2013 esclusivamente per il tempo necessario ad adempiere alle specifiche finalit\u00e0 indicate nelle specifiche informative di sintesi visualizzate nelle pagine del sito e predisposte per particolari servizi.<\/p>\n<p>&nbsp;<\/p>\n<h3>Tipi di dati trattati<\/h3>\n<p><strong>Dati di navigazione<\/strong>\u00a0&#8211; I sistemi informatici e le procedure software preposte al funzionamento di questo sito web acquisiscono, nel corso del loro normale esercizio, alcuni dati personali la cui trasmissione \u00e8 implicita nell\u2019uso dei protocolli di comunicazione di Internet. In questa categoria di dati rientrano gli indirizzi IP o i nomi a dominio dei computer utilizzati dagli utenti che si connettono al sito, gli indirizzi in notazione URI (Uniform Resource Identifier) delle risorse richieste, l\u2019orario della richiesta, il metodo utilizzato nel sottoporre la richiesta al server, la dimensione del file ottenuto in risposta, il codice numerico indicante lo stato della risposta data dal server (buon fine, errore, ecc.) ed altri parametri relativi al sistema operativo e all\u2019ambiente informatico dell\u2019utente. Questi dati vengono utilizzati al solo fine di ricavare informazioni statistiche anonime sull\u2019uso del sito e per controllarne il corretto funzionamento. I dati potrebbero essere utilizzati per l\u2019accertamento di responsabilit\u00e0 in caso di ipotetici reati informatici ai danni del sito.<\/p>\n<p><strong>Dati forniti volontariamente dall\u2019utente<\/strong>\u00a0&#8211; L\u2019invio facoltativo, esplicito e volontario di dati personali da parte dell\u2019utente nei form di registrazione presenti su questo sito comporta la successiva acquisizione dei dati forniti dal mittente, necessari per l\u2019erogazione del servizio richiesto.<\/p>\n<p><strong>Cookies<\/strong> &#8211; I cookies sono piccoli file di testo contenenti delle informazioni scambiate tra un sito internet ed il terminale dell&#8217;utente (tipicamente il browser). Sono principalmente utilizzati con lo scopo di far funzionare i siti web e farli operare in modo pi\u00f9 efficiente, nonch\u00e9 al fine di fornire informazioni ai proprietari del sito stesso. I cookies possono essere sia di sessione che persistenti. I cookies di sessione rimangono memorizzati nel terminale per un breve periodo di tempo e sono eliminati non appena l&#8217;utente chiude il browser. Il loro utilizzo \u00e8 strettamente limitato alla trasmissione di identificativi di sessione (costituiti da numeri casuali generati dal server) necessari per consentire l&#8217;esplorazione sicura ed efficiente del sito. I cookies persistenti invece rimangono archiviati nel terminale dell&#8217;utente fino ad una scadenza prestabilita. Questi, non essendo cancellati direttamente alla chiusura del browser, consentono di ricordare le scelte operate dall&#8217;utente durante la fruizione del sito, nonch\u00e9 di raccogliere informazioni circa le pagine del sito visitate, la frequenza con la quale il sito viene visitato e di identificare il tracciato di navigazione degli utenti, al fine di migliorare l&#8217;esperienza sul sito visitato. I cookies, di sessione o persistenti, possono essere infine di Prima parte o di Terza parte a seconda che il soggetto che installa i cookies sul terminale dell&#8217;utente sia lo stesso gestore del sito che l&#8217;utente sta visitando (si parler\u00e0 allora di cookies di Prima parte) oppure un soggetto diverso (si parler\u00e0 allora di cookies di Terza parte).<\/p>\n<p><strong>Cookie utilizzati dal presente sito<\/strong> &#8211; Il presente sito si avvale dell&#8217;utilizzo di cookies sia \u201ctecnici\u201d, cio\u00e8 necessari al funzionamento del sito e inerti dal punto di vista della registrazione dati\/profilazione utente, sia di cookies di \u201cprofilazione\u201d, cio\u00e8 quelli offerti dai servizi Google Analytics che permettono una raccolta di informazioni a riguardo della visita dell\u2019utente sul sito, ma senza registrare informazioni personali identificative dell\u2019utente.<br \/>\nPer avere maggiori informazioni sui cookies di Google Analytics e sul loro utilizzo da parte di Google Inc. \u00e8 possibile consultare l&#8217;informativa sull&#8217;utilizzo dei cookies da parte di Google disponibile all&#8217;indirizzo:\u00a0<a href=\"http:\/\/www.google.com\/intl\/it\/policies\/technologies\/cookies\/\">http:\/\/www.google.com\/intl\/it\/policies\/technologies\/cookies\/<\/a>\u00a0e\u00a0<a href=\"https:\/\/developers.google.com\/analytics\/devguides\/collection\/analyticsjs\/cookie-usage\">https:\/\/developers.google.com\/analytics\/devguides\/collection\/analyticsjs\/cookies-usage<\/a><br \/>\nL&#8217;informativa per la privacy policy di Google Analytics all&#8217;indirizzo: <a href=\"http:\/\/www.google.com\/intl\/en\/analytics\/privacyoverview.html\">http:\/\/www.google.com\/intl\/en\/analytics\/privacyoverview.html<\/a><\/p>\n<p>&nbsp;<\/p>\n<h3>Nelle tabelle sottostanti vengono riportati, nel dettaglio, i cookies attualmente presenti nel sito web.<\/h3>\n<div class=\"wt-cli-element cli_cookie_category_single\"><div class=\"cli_cookie_category_single\"><h5 class=\"cli_cookie_category_single_hd\">Necessary<\/h5><div class=\"cli_cookie_category_single_description\"><p>Necessary cookies are absolutely essential for the website to function properly. These cookies guarantee basic functionalities and security features of the website, anonymously.\r\n<table class=\"wt-cli-element cookielawinfo-row-cat-table cookielawinfo-winter\"><thead><tr><th scope=\"col\" class=\"cookielawinfo-column-1\">Cookie<\/th><th scope=\"col\" class=\"cookielawinfo-column-3\">Duration<\/th><th scope=\"col\" class=\"cookielawinfo-column-4\">Description<\/th><\/tr><\/thead><tbody><tr class=\"cookielawinfo-row\"><td class=\"cookielawinfo-column-1\">cookielawinfo-checkbox-advertisement<\/td><td class=\"cookielawinfo-column-3\">1 year<\/td><td class=\"cookielawinfo-column-4\">Set by the GDPR Cookie Consent plugin, this cookie is used to record the user consent for the cookies in the \"Advertisement\" category .<\/td><\/tr><tr class=\"cookielawinfo-row\"><td class=\"cookielawinfo-column-1\">cookielawinfo-checkbox-analytics<\/td><td class=\"cookielawinfo-column-3\">11 months<\/td><td class=\"cookielawinfo-column-4\">This cookie is set by GDPR Cookie Consent plugin. The cookie is used to store the user consent for the cookies in the category \"Analytics\".<\/td><\/tr><tr class=\"cookielawinfo-row\"><td class=\"cookielawinfo-column-1\">cookielawinfo-checkbox-functional<\/td><td class=\"cookielawinfo-column-3\">11 months<\/td><td class=\"cookielawinfo-column-4\">The cookie is set by GDPR cookie consent to record the user consent for the cookies in the category \"Functional\".<\/td><\/tr><tr class=\"cookielawinfo-row\"><td class=\"cookielawinfo-column-1\">cookielawinfo-checkbox-necessary<\/td><td class=\"cookielawinfo-column-3\">11 months<\/td><td class=\"cookielawinfo-column-4\">This cookie is set by GDPR Cookie Consent plugin. The cookies is used to store the user consent for the cookies in the category \"Necessary\".<\/td><\/tr><tr class=\"cookielawinfo-row\"><td class=\"cookielawinfo-column-1\">cookielawinfo-checkbox-others<\/td><td class=\"cookielawinfo-column-3\">11 months<\/td><td class=\"cookielawinfo-column-4\">This cookie is set by GDPR Cookie Consent plugin. The cookie is used to store the user consent for the cookies in the category \"Other\".<\/td><\/tr><tr class=\"cookielawinfo-row\"><td class=\"cookielawinfo-column-1\">cookielawinfo-checkbox-performance<\/td><td class=\"cookielawinfo-column-3\">11 months<\/td><td class=\"cookielawinfo-column-4\">This cookie is set by GDPR Cookie Consent plugin. The cookie is used to store the user consent for the cookies in the category \"Performance\".<\/td><\/tr><tr class=\"cookielawinfo-row\"><td class=\"cookielawinfo-column-1\">CookieLawInfoConsent<\/td><td class=\"cookielawinfo-column-3\">1 year<\/td><td class=\"cookielawinfo-column-4\">Records the default button state of the corresponding category &amp; the status of CCPA. It works only in coordination with the primary cookie.<\/td><\/tr><tr class=\"cookielawinfo-row\"><td class=\"cookielawinfo-column-1\">viewed_cookie_policy<\/td><td class=\"cookielawinfo-column-3\">11 months<\/td><td class=\"cookielawinfo-column-4\">The cookie is set by the GDPR Cookie Consent plugin and is used to store whether or not user has consented to the use of cookies. It does not store any personal data.<\/td><\/tr><\/tbody><\/table><\/p><\/div><\/div><div class=\"cli_cookie_category_single\"><h5 class=\"cli_cookie_category_single_hd\">Analytics<\/h5><div class=\"cli_cookie_category_single_description\"><p>Analytical cookies are used to understand how visitors interact with the website. These cookies help provide information on metrics the number of visitors, bounce rate, traffic source, etc.\r\n<table class=\"wt-cli-element cookielawinfo-row-cat-table cookielawinfo-winter\"><thead><tr><th scope=\"col\" class=\"cookielawinfo-column-1\">Cookie<\/th><th scope=\"col\" class=\"cookielawinfo-column-3\">Duration<\/th><th scope=\"col\" class=\"cookielawinfo-column-4\">Description<\/th><\/tr><\/thead><tbody><tr class=\"cookielawinfo-row\"><td class=\"cookielawinfo-column-1\">_ga<\/td><td class=\"cookielawinfo-column-3\">2 years<\/td><td class=\"cookielawinfo-column-4\">The _ga cookie, installed by Google Analytics, calculates visitor, session and campaign data and also keeps track of site usage for the site's analytics report. The cookie stores information anonymously and assigns a randomly generated number to recognize unique visitors.<\/td><\/tr><tr class=\"cookielawinfo-row\"><td class=\"cookielawinfo-column-1\">_gat_gtag_UA_109508271_4<\/td><td class=\"cookielawinfo-column-3\">1 minute<\/td><td class=\"cookielawinfo-column-4\">Set by Google to distinguish users.<\/td><\/tr><tr class=\"cookielawinfo-row\"><td class=\"cookielawinfo-column-1\">_gid<\/td><td class=\"cookielawinfo-column-3\">1 day<\/td><td class=\"cookielawinfo-column-4\">Installed by Google Analytics, _gid cookie stores information on how visitors use a website, while also creating an analytics report of the website's performance. Some of the data that are collected include the number of visitors, their source, and the pages they visit anonymously.<\/td><\/tr><\/tbody><\/table><\/p><\/div><\/div><div class=\"cli_cookie_category_single\"><h5 class=\"cli_cookie_category_single_hd\">Advertisement<\/h5><div class=\"cli_cookie_category_single_description\"><p>Advertisement cookies are used to provide visitors with relevant ads and marketing campaigns. These cookies track visitors across websites and collect information to provide customized ads.\r\n<\/p><\/div><\/div><\/div>\n<p>Normalmente i browser permettono il controllo della maggior parte dei cookie tramite le impostazioni del browser stesso. Si ricorda tuttavia che la disabilitazione totale o parziale dei cookies c.d. tecnici pu\u00f2 compromettere l&#8217;utilizzo delle funzionalit\u00e0 del sito. Ad ogni modo qualora l&#8217;utente non desideri ricevere alcun tipo di cookies sul proprio elaboratore, n\u00e9 da questo sito, n\u00e9 da altri, pu\u00f2 elevare il livello di protezione privacy modificando le impostazioni di sicurezza del proprio browser:<br \/>\nChrome:\u00a0<a href=\"https:\/\/support.google.com\/chrome\/answer\/95647?hl=it\">https:\/\/support.google.com\/chrome\/answer\/95647?hl=it<\/a><br \/>\nFirefox:\u00a0<a href=\"https:\/\/support.mozilla.org\/it\/kb\/Gestione%20dei%20cookie\">https:\/\/support.mozilla.org\/it\/kb\/Gestione%20dei%20cookie<\/a><br \/>\nEdge:\u00a0<a href=\"https:\/\/privacy.microsoft.com\/it-IT\/windows-10-microsoft-edge-and-privacy\">https:\/\/privacy.microsoft.com\/it-IT\/windows-10-microsoft-edge-and-privacy<\/a><br \/>\nOpera:\u00a0<a href=\"http:\/\/help.opera.com\/Windows\/10.00\/it\/cookies.html\">http:\/\/help.opera.com\/Windows\/10.00\/it\/cookies.html<\/a><br \/>\nSafari:\u00a0<a href=\"http:\/\/support.apple.com\/kb\/HT1677?viewlocale=it_IT\">http:\/\/support.apple.com\/kb\/HT1677?viewlocale=it_IT<\/a><\/p>\n<h4><\/h4>\n<h3>Link ad altri siti web<\/h3>\n<p>Questo sito potrebbe contenere link o riferimenti per l\u2019accesso ad altri siti, quali ad esempio il social network Facebook. Cliccando sugli appositi link potrai ad esempio condividere i nostri contenuti. Ti informiamo il Titolare del trattamento non controlla i cookie o le altre tecnologie di monitoraggio di tali siti web ai quali la presente Policy non si applica.<\/p>\n<h4><\/h4>\n<h3>Modalit\u00e0 del trattamento<\/h3>\n<p>I dati personali sono trattati, anche mediante l\u2019ausilio di strumenti automatizzati. Specifiche misure di sicurezza sono osservate per prevenire la perdita dei dati, usi illeciti o non corretti ed accessi non autorizzati. Il Titolare ha adottato tutte le misure minime di sicurezza previste dalla legge ed ispirandosi ai principali standard internazionali, ha inoltre adottato misure di sicurezza ulteriori per ridurre al minimo i rischi afferenti la riservatezza, la disponibilit\u00e0 e l\u2019integrit\u00e0 dei dati personali raccolti e trattati.<\/p>\n<h4><\/h4>\n<h3>Diritti degli interessati<\/h3>\n<p>La normativa a protezione dei dati personali prevede espressamente alcuni diritti in capo ai soggetti cui dati si riferiscono (c.d. interessato). In particolare, In relazione al trattamento dei predetti dati, in base agli articoli 15 e ss. del Regolamento, Le ricordiamo il diritto di ottenere l&#8217;accesso ai dati personali che la riguardano; la rettifica dei dati (correzione di dati inesatti od integrazione), la cancellazione dei dati trattati in violazione di legge o qualora sussista uno dei motivi specificati dall&#8217;articolo 17 del GDPR, nonch\u00e9 il diritto alla portabilit\u00e0 dei dati stessi. Lei ha, altres\u00ec, il diritto di proporre reclamo a un&#8217;autorit\u00e0 di controllo qualora ritenesse che i diritti qui indicati non le siano stati riconosciuti.<\/p>\n<h4><\/h4>\n<h3>Modifiche alle presenti politiche sulla privacy<\/h3>\n<p>Il Titolare verifica periodicamente la propria politica relativa alla privacy e alla sicurezza e, se del caso, la rivede in relazione alle modifiche normative, organizzative o dettate dall&#8217;evoluzione tecnologica. In caso di modifica delle politiche, la nuova versione sar\u00e0 pubblicata in questa pagina del sito.<\/p>\n<\/div>\n","protected":false},"excerpt":{"rendered":"<p>Riferimenti normativi Direttiva 2002\/58\/CE &#8211; relativa al &#8220;trattamento dei dati personali e alla tutela della vita privata nel settore delle comunicazioni elettroniche&#8221; Regolamento (UE) 2016\/679 del parlamento europeo e del consiglio del 27 aprile 2016 relativo alla protezione delle persone fisiche con riguardo al trattamento dei dati personali, nonch\u00e9 alla libera circolazione di tali dati [&hellip;]<\/p>\n","protected":false},"author":3,"featured_media":0,"parent":0,"menu_order":0,"comment_status":"closed","ping_status":"closed","template":"template-privacy.php","meta":[],"acf":[],"yoast_head":"<!-- This site is optimized with the Yoast SEO plugin v19.12 - https:\/\/yoast.com\/wordpress\/plugins\/seo\/ -->\n<title>Privacy &amp; Cookie Policy - Dabatech ICT<\/title>\n<meta name=\"robots\" content=\"index, follow, max-snippet:-1, max-image-preview:large, max-video-preview:-1\" \/>\n<link rel=\"canonical\" href=\"https:\/\/ict.dabatech.it\/en\/privacy-cookie-policy\/\" \/>\n<meta property=\"og:locale\" content=\"en_US\" \/>\n<meta property=\"og:type\" content=\"article\" \/>\n<meta property=\"og:title\" content=\"Privacy &amp; Cookie Policy - Dabatech ICT\" \/>\n<meta property=\"og:description\" content=\"Riferimenti normativi Direttiva 2002\/58\/CE &#8211; relativa al &#8220;trattamento dei dati personali e alla tutela della vita privata nel settore delle comunicazioni elettroniche&#8221; Regolamento (UE) 2016\/679 del parlamento europeo e del consiglio del 27 aprile 2016 relativo alla protezione delle persone fisiche con riguardo al trattamento dei dati personali, nonch\u00e9 alla libera circolazione di tali dati [&hellip;]\" \/>\n<meta property=\"og:url\" content=\"https:\/\/ict.dabatech.it\/en\/privacy-cookie-policy\/\" \/>\n<meta property=\"og:site_name\" content=\"Dabatech ICT\" \/>\n<meta property=\"article:modified_time\" content=\"2022-11-30T14:53:53+00:00\" \/>\n<meta name=\"twitter:card\" content=\"summary_large_image\" \/>\n<meta name=\"twitter:label1\" content=\"Est. reading time\" \/>\n\t<meta name=\"twitter:data1\" content=\"7 minutes\" \/>\n<script type=\"application\/ld+json\" class=\"yoast-schema-graph\">{\"@context\":\"https:\/\/schema.org\",\"@graph\":[{\"@type\":\"WebPage\",\"@id\":\"https:\/\/ict.dabatech.it\/en\/privacy-cookie-policy\/\",\"url\":\"https:\/\/ict.dabatech.it\/en\/privacy-cookie-policy\/\",\"name\":\"Privacy & Cookie Policy - Dabatech ICT\",\"isPartOf\":{\"@id\":\"https:\/\/ict.dabatech.it\/#website\"},\"datePublished\":\"2022-11-30T13:51:49+00:00\",\"dateModified\":\"2022-11-30T14:53:53+00:00\",\"breadcrumb\":{\"@id\":\"https:\/\/ict.dabatech.it\/en\/privacy-cookie-policy\/#breadcrumb\"},\"inLanguage\":\"en-US\",\"potentialAction\":[{\"@type\":\"ReadAction\",\"target\":[\"https:\/\/ict.dabatech.it\/en\/privacy-cookie-policy\/\"]}]},{\"@type\":\"BreadcrumbList\",\"@id\":\"https:\/\/ict.dabatech.it\/en\/privacy-cookie-policy\/#breadcrumb\",\"itemListElement\":[{\"@type\":\"ListItem\",\"position\":1,\"name\":\"Home\",\"item\":\"https:\/\/ict.dabatech.it\/en\/\"},{\"@type\":\"ListItem\",\"position\":2,\"name\":\"Privacy &#038; Cookie Policy\"}]},{\"@type\":\"WebSite\",\"@id\":\"https:\/\/ict.dabatech.it\/#website\",\"url\":\"https:\/\/ict.dabatech.it\/\",\"name\":\"Dabatech ICT\",\"description\":\"\",\"potentialAction\":[{\"@type\":\"SearchAction\",\"target\":{\"@type\":\"EntryPoint\",\"urlTemplate\":\"https:\/\/ict.dabatech.it\/?s={search_term_string}\"},\"query-input\":\"required name=search_term_string\"}],\"inLanguage\":\"en-US\"}]}<\/script>\n<!-- \/ Yoast SEO plugin. -->","yoast_head_json":{"title":"Privacy & Cookie Policy - Dabatech ICT","robots":{"index":"index","follow":"follow","max-snippet":"max-snippet:-1","max-image-preview":"max-image-preview:large","max-video-preview":"max-video-preview:-1"},"canonical":"https:\/\/ict.dabatech.it\/en\/privacy-cookie-policy\/","og_locale":"en_US","og_type":"article","og_title":"Privacy & Cookie Policy - Dabatech ICT","og_description":"Riferimenti normativi Direttiva 2002\/58\/CE &#8211; relativa al &#8220;trattamento dei dati personali e alla tutela della vita privata nel settore delle comunicazioni elettroniche&#8221; Regolamento (UE) 2016\/679 del parlamento europeo e del consiglio del 27 aprile 2016 relativo alla protezione delle persone fisiche con riguardo al trattamento dei dati personali, nonch\u00e9 alla libera circolazione di tali dati [&hellip;]","og_url":"https:\/\/ict.dabatech.it\/en\/privacy-cookie-policy\/","og_site_name":"Dabatech ICT","article_modified_time":"2022-11-30T14:53:53+00:00","twitter_card":"summary_large_image","twitter_misc":{"Est. reading time":"7 minutes"},"schema":{"@context":"https:\/\/schema.org","@graph":[{"@type":"WebPage","@id":"https:\/\/ict.dabatech.it\/en\/privacy-cookie-policy\/","url":"https:\/\/ict.dabatech.it\/en\/privacy-cookie-policy\/","name":"Privacy & Cookie Policy - Dabatech ICT","isPartOf":{"@id":"https:\/\/ict.dabatech.it\/#website"},"datePublished":"2022-11-30T13:51:49+00:00","dateModified":"2022-11-30T14:53:53+00:00","breadcrumb":{"@id":"https:\/\/ict.dabatech.it\/en\/privacy-cookie-policy\/#breadcrumb"},"inLanguage":"en-US","potentialAction":[{"@type":"ReadAction","target":["https:\/\/ict.dabatech.it\/en\/privacy-cookie-policy\/"]}]},{"@type":"BreadcrumbList","@id":"https:\/\/ict.dabatech.it\/en\/privacy-cookie-policy\/#breadcrumb","itemListElement":[{"@type":"ListItem","position":1,"name":"Home","item":"https:\/\/ict.dabatech.it\/en\/"},{"@type":"ListItem","position":2,"name":"Privacy &#038; Cookie Policy"}]},{"@type":"WebSite","@id":"https:\/\/ict.dabatech.it\/#website","url":"https:\/\/ict.dabatech.it\/","name":"Dabatech ICT","description":"","potentialAction":[{"@type":"SearchAction","target":{"@type":"EntryPoint","urlTemplate":"https:\/\/ict.dabatech.it\/?s={search_term_string}"},"query-input":"required name=search_term_string"}],"inLanguage":"en-US"}]}},"_links":{"self":[{"href":"https:\/\/ict.dabatech.it\/en\/wp-json\/wp\/v2\/pages\/2243"}],"collection":[{"href":"https:\/\/ict.dabatech.it\/en\/wp-json\/wp\/v2\/pages"}],"about":[{"href":"https:\/\/ict.dabatech.it\/en\/wp-json\/wp\/v2\/types\/page"}],"author":[{"embeddable":true,"href":"https:\/\/ict.dabatech.it\/en\/wp-json\/wp\/v2\/users\/3"}],"replies":[{"embeddable":true,"href":"https:\/\/ict.dabatech.it\/en\/wp-json\/wp\/v2\/comments?post=2243"}],"version-history":[{"count":1,"href":"https:\/\/ict.dabatech.it\/en\/wp-json\/wp\/v2\/pages\/2243\/revisions"}],"predecessor-version":[{"id":2244,"href":"https:\/\/ict.dabatech.it\/en\/wp-json\/wp\/v2\/pages\/2243\/revisions\/2244"}],"wp:attachment":[{"href":"https:\/\/ict.dabatech.it\/en\/wp-json\/wp\/v2\/media?parent=2243"}],"curies":[{"name":"wp","href":"https:\/\/api.w.org\/{rel}","templated":true}]}}